{"id":7409,"date":"2015-02-19T09:48:19","date_gmt":"2015-02-19T08:48:19","guid":{"rendered":"http:\/\/rivedroite.ch\/en\/?page_id=7409"},"modified":"2026-01-16T14:18:37","modified_gmt":"2026-01-16T13:18:37","slug":"contact","status":"publish","type":"page","link":"https:\/\/rivedroite.ch\/en\/contact\/","title":{"rendered":"Contact"},"content":{"rendered":"<div class=\"wpb-content-wrapper\"><p>[vc_row full_width=&#8221;stretch_row_content_no_spaces&#8221; css=&#8221;.vc_custom_1645478344622{margin-top: 0px !important;padding-top: 0px !important;background-color: #ffffff !important;}&#8221;][vc_column width=&#8221;2\/3&#8243; css=&#8221;.vc_custom_1645478386557{margin-top: 0px !important;padding-top: 0px !important;}&#8221;]<!-- Google Map -->\n\n\n\n<div id=\"gmap_wrapper\"  class=\" wpestate_full_map_shortcode \" data-post_id=\"7409\" data-cur_lat=\"\" data-cur_long=\"\" style=\"height:650px\"  >\n    \n        \n    <div id=\"googleMap\" class=\" wpestate_full_map_shortcode \" style=\"height:650px\">   \n    <\/div>    \n\n    <div class=\"tooltip\"> click to enable zoom<\/div>\n\n    <div id=\"gmap-loading\">loading... \n       <div class=\"new_prelader\"><\/div>\n    <\/div>\n\n\n    <div id=\"gmap-noresult\">\n       We didn&#039;t find any results    <\/div>\n\n\n    <div class=\"gmap-controls  \">\n     <div id=\"openmap\"><i class=\"fas fa-angle-down\"><\/i>open map<\/div>    <div id=\"gmap-control\">\n        <span  id=\"map-view\"><i class=\"far fa-image\"><\/i>View<\/span>\n        <div class=\"wpresidence_map_styles_wrapper\">\n            <span id=\"map-view-roadmap\"     class=\"map-type\">Roadmap<\/span>\n            <span id=\"map-view-satellite\"   class=\"map-type\">Satellite<\/span>\n            <span id=\"map-view-hybrid\"      class=\"map-type\">Hybrid<\/span>\n            <span id=\"map-view-terrain\"     class=\"map-type\">Terrain<\/span>\n        <\/div>\n        <span  id=\"geolocation-button\"><i class=\"fas fa-map-marker-alt\"><\/i>My Location<\/span>\n        <span  id=\"gmap-full\" ><i class=\"fas fa-arrows-alt\"><\/i>Fullscreen<\/span>\n                <span  id=\"gmap-prev\"><i class=\"fas fa-chevron-left\"><\/i>Prev<\/span>\n            <span  id=\"gmap-next\" >Next<i class=\"fas fa-chevron-right\"><\/i><\/span>\n\n        <\/div>\n\n    \n\n    <div id=\"gmapzoomplus\"><i class=\"fas fa-plus\"><\/i> <\/div>\n    <div id=\"gmapzoomminus\"><i class=\"fas fa-minus\"><\/i><\/div>\n\n    \n    <\/div>\n \n\n<\/div>    \n<!-- END Google Map --> <div id=\"wpestate_full_map_control_data\"  data-zoom=\"20\"><\/div><script type=\"text\/javascript\">\n                    \/\/<![CDATA[\n                    var is_map_shortcode=1;\n                    var map_style_shortcode=\"\";jQuery(document).ready(function(){\n\n                        if (typeof google === \"object\" && typeof google.maps === \"object\") {\n                            google.maps.event.addDomListener(window, \"load\", wpresidence_initialize_map_contact);\n                        }else{\n                            wpresidence_initialize_map_contact_leaflet();\n                             setTimeout(function(){map.invalidateSize();  },1000)\n                        }\n                    });\n                    \/\/]]>\n                <\/script>[\/vc_column][vc_column width=&#8221;1\/3&#8243; css=&#8221;.vc_custom_1645478565846{padding-top: 60px !important;padding-right: 60px !important;padding-bottom: 30px !important;padding-left: 60px !important;}&#8221; el_class=&#8221;contact-rdi-block&#8221;][vc_column_text]<\/p>\n<h2 style=\"text-align: left;\">Rive Droite Immobilier<\/h2>\n<p>[\/vc_column_text][vc_widget_sidebar sidebar_id=&#8221;fourth-footer-widget-area&#8221;][vc_column_text css=&#8221;&#8221;]<strong>Opening hours<\/strong><br \/>\nMonday to Friday:<br \/>\n8:00 am to 12:00 pm \/ 1:30 pm to 5:30 pm[\/vc_column_text][\/vc_column][\/vc_row][vc_row][vc_column el_class=&#8221;rdi-font&#8221;][vc_empty_space height=&#8221;30&#8243;]<div id=\"ultimate-heading-431269f8565fead8f\" class=\"uvc-heading ult-adjust-bottom-margin ultimate-heading-431269f8565fead8f uvc-6037 \" data-hspacer=\"no_spacer\"  data-halign=\"left\" style=\"text-align:left\"><div class=\"uvc-heading-spacer no_spacer\" style=\"top\"><\/div><div class=\"uvc-main-heading ult-responsive\"  data-ultimate-target='.uvc-heading.ultimate-heading-431269f8565fead8f h2'  data-responsive-json-new='{\"font-size\":\"desktop:28px;\",\"line-height\":\"\"}' ><h2 style=\"font-family:&#039;Playfair Display&#039;;font-style:italic;font-weight:normal;color:#000000;\">Team of Rive Droite Immobilier<\/h2><\/div><\/div>[vc_empty_space height=&#8221;20&#8243;][vc_row_inner][vc_column_inner width=&#8221;1\/4&#8243;][vc_widget_sidebar sidebar_id=&#8221;agent1&#8243;][\/vc_column_inner][vc_column_inner width=&#8221;1\/4&#8243;][vc_widget_sidebar sidebar_id=&#8221;agent2&#8243;][\/vc_column_inner][vc_column_inner width=&#8221;1\/4&#8243;][vc_widget_sidebar sidebar_id=&#8221;agent5&#8243;][\/vc_column_inner][vc_column_inner width=&#8221;1\/4&#8243;][vc_widget_sidebar sidebar_id=&#8221;agent4&#8243;][\/vc_column_inner][\/vc_row_inner][\/vc_column][\/vc_row][vc_row bg_type=&#8221;image&#8221; parallax_style=&#8221;vcpb-default&#8221; bg_image_new=&#8221;id^16113|url^https:\/\/rivedroite.ch\/wp-content\/uploads\/2022\/02\/img-form-contact-rdi-light.jpg|caption^null|alt^null|title^img-form-contact-rdi-light|description^null&#8221; bg_image_repeat=&#8221;no-repeat&#8221; bg_override=&#8221;ex-full&#8221; el_class=&#8221;rdi-font&#8221; css=&#8221;.vc_custom_1645478227205{border-bottom-width: 30px !important;padding-top: 30px !important;}&#8221;][vc_column]<div id=\"ultimate-heading-856569f8565feb5e3\" class=\"uvc-heading ult-adjust-bottom-margin ultimate-heading-856569f8565feb5e3 uvc-6892 \" data-hspacer=\"line_with_icon\" data-hline_width=\"340\" data-hicon_type=\"custom\" data-hborder_style=\"solid\" data-hborder_height=\"1\" data-hborder_color=\"#939fad\" data-icon_width=\"48\" data-hfixer=\"10\"  data-halign=\"center\" style=\"text-align:center\"><div class=\"uvc-main-heading ult-responsive\"  data-ultimate-target='.uvc-heading.ultimate-heading-856569f8565feb5e3 h2'  data-responsive-json-new='{\"font-size\":\"\",\"line-height\":\"\"}' ><h2 style=\"font-weight:normal;\">Contact Form<\/h2><\/div><div class=\"uvc-heading-spacer line_with_icon\" style=\"top\"><div class=\"ult-just-icon-wrapper   just_icon\"><div class=\"align-icon\" style=\"text-align:center;\">\n<div class=\"aio-icon-img \" style=\"font-size:48px;display:inline-block;\" >\n\t<img decoding=\"async\" class=\"img-icon\" alt=\"\" src=\"https:\/\/rivedroite.ch\/wp-content\/uploads\/2015\/04\/icon-rdi-separator1.png\"\/>\n<\/div><\/div><\/div><\/div><\/div>[vc_row_inner][vc_column_inner width=&#8221;1\/6&#8243; offset=&#8221;vc_hidden-sm vc_hidden-xs&#8221;]<div class=\"spacer\" style=\"height:10px;\"><\/div>[\/vc_column_inner][vc_column_inner width=&#8221;2\/3&#8243;]<div class=\"spacer\" style=\"height:30px;\"><\/div>[vc_column_text css=&#8221;&#8221;]<em><span class=\"rdi-red\">*<\/span> Please fill in all required fields.<\/em><br \/>\n\n<div class=\"wpcf7 no-js\" id=\"wpcf7-f14755-o1\" lang=\"en-US\" dir=\"ltr\" data-wpcf7-id=\"14755\">\n<div class=\"screen-reader-response\"><p role=\"status\" aria-live=\"polite\" aria-atomic=\"true\"><\/p> <ul><\/ul><\/div>\n<form action=\"\/en\/wp-json\/wp\/v2\/pages\/7409#wpcf7-f14755-o1\" method=\"post\" class=\"wpcf7-form init\" aria-label=\"Contact form\" novalidate=\"novalidate\" data-status=\"init\">\n<fieldset class=\"hidden-fields-container\"><input type=\"hidden\" name=\"_wpcf7\" value=\"14755\" \/><input type=\"hidden\" name=\"_wpcf7_version\" value=\"6.1.5\" \/><input type=\"hidden\" name=\"_wpcf7_locale\" value=\"en_US\" \/><input type=\"hidden\" name=\"_wpcf7_unit_tag\" value=\"wpcf7-f14755-o1\" \/><input type=\"hidden\" name=\"_wpcf7_container_post\" value=\"0\" \/><input type=\"hidden\" name=\"_wpcf7_posted_data_hash\" value=\"\" \/><input type=\"hidden\" name=\"_wpcf7_recaptcha_response\" value=\"\" \/>\n<\/fieldset>\n<p>Your name (required)<br \/>\r\n    <span class=\"wpcf7-form-control-wrap\" data-name=\"your-name\"><input size=\"40\" maxlength=\"400\" class=\"wpcf7-form-control wpcf7-text wpcf7-validates-as-required\" aria-required=\"true\" aria-invalid=\"false\" value=\"\" type=\"text\" name=\"your-name\" \/><\/span> <\/p>\r\n\r\n<p>Your email (required)<br \/>\r\n    <span class=\"wpcf7-form-control-wrap\" data-name=\"your-email\"><input size=\"40\" maxlength=\"400\" class=\"wpcf7-form-control wpcf7-email wpcf7-validates-as-required wpcf7-text wpcf7-validates-as-email\" aria-required=\"true\" aria-invalid=\"false\" value=\"\" type=\"email\" name=\"your-email\" \/><\/span> <\/p>\r\n\r\n<p>Subject (required)<br \/>\r\n    <span class=\"wpcf7-form-control-wrap\" data-name=\"your-subject\"><input size=\"40\" maxlength=\"400\" class=\"wpcf7-form-control wpcf7-text wpcf7-validates-as-required\" aria-required=\"true\" aria-invalid=\"false\" value=\"\" type=\"text\" name=\"your-subject\" \/><\/span> <\/p>\r\n\r\n<p>Your message (required)<br \/>\r\n    <span class=\"wpcf7-form-control-wrap\" data-name=\"your-message\"><textarea cols=\"40\" rows=\"10\" maxlength=\"2000\" class=\"wpcf7-form-control wpcf7-textarea wpcf7-validates-as-required\" aria-required=\"true\" aria-invalid=\"false\" name=\"your-message\"><\/textarea><\/span> <\/p>\r\n\r\n<p><input class=\"wpcf7-form-control wpcf7-submit has-spinner\" type=\"submit\" value=\"Send\" \/><\/p><div class=\"wpcf7-response-output\" aria-hidden=\"true\"><\/div>\n<\/form>\n<\/div>\n[\/vc_column_text]<div class=\"spacer\" style=\"height:30px;\"><\/div>[\/vc_column_inner][vc_column_inner width=&#8221;1\/6&#8243;][\/vc_column_inner][\/vc_row_inner][\/vc_column][\/vc_row]<\/p>\n<\/div>","protected":false},"excerpt":{"rendered":"<p>[vc_row full_width=&#8221;stretch_row_content_no_spaces&#8221; css=&#8221;.vc_custom_1645478344622{margin-top: 0px !important;padding-top: 0px !important;background-color: #ffffff !important;}&#8221;][vc_column width=&#8221;2\/3&#8243; css=&#8221;.vc_custom_1645478386557{margin-top: 0px !important;padding-top: 0px !important;}&#8221;][\/vc_column][vc_column width=&#8221;1\/3&#8243; css=&#8221;.vc_custom_1645478565846{padding-top: 60px !important;padding-right: 60px !important;padding-bottom: 30px !important;padding-left: 60px !important;}&#8221; el_class=&#8221;contact-rdi-block&#8221;][vc_column_text] Rive Droite Immobilier [\/vc_column_text][vc_widget_sidebar sidebar_id=&#8221;fourth-footer-widget-area&#8221;][vc_column_text css=&#8221;&#8221;]Opening hours Monday to Friday: 8:00 am to 12:00 pm \/ 1:30 pm to 5:30 pm[\/vc_column_text][\/vc_column][\/vc_row][vc_row][vc_column el_class=&#8221;rdi-font&#8221;][vc_empty_space height=&#8221;30&#8243;][vc_empty_space height=&#8221;20&#8243;][vc_row_inner][vc_column_inner width=&#8221;1\/4&#8243;][vc_widget_sidebar sidebar_id=&#8221;agent1&#8243;][\/vc_column_inner][vc_column_inner width=&#8221;1\/4&#8243;][vc_widget_sidebar sidebar_id=&#8221;agent2&#8243;][\/vc_column_inner][vc_column_inner width=&#8221;1\/4&#8243;][vc_widget_sidebar sidebar_id=&#8221;agent5&#8243;][\/vc_column_inner][vc_column_inner width=&#8221;1\/4&#8243;][vc_widget_sidebar sidebar_id=&#8221;agent4&#8243;][\/vc_column_inner][\/vc_row_inner][\/vc_column][\/vc_row][vc_row bg_type=&#8221;image&#8221; parallax_style=&#8221;vcpb-default&#8221; bg_image_new=&#8221;id^16113|url^https:\/\/rivedroite.ch\/wp-content\/uploads\/2022\/02\/img-form-contact-rdi-light.jpg|caption^null|alt^null|title^img-form-contact-rdi-light|description^null&#8221; bg_image_repeat=&#8221;no-repeat&#8221; bg_override=&#8221;ex-full&#8221; el_class=&#8221;rdi-font&#8221; &#8230;<\/p>\n","protected":false},"author":2,"featured_media":0,"parent":0,"menu_order":4,"comment_status":"closed","ping_status":"closed","template":"","meta":{"inline_featured_image":false,"footnotes":""},"class_list":["post-7409","page","type-page","status-publish","hentry"],"yoast_head":"<!-- This site is optimized with the Yoast SEO plugin v27.4 - https:\/\/yoast.com\/product\/yoast-seo-wordpress\/ -->\n<title>Contact - Rive droite immobilier - Real estate agency in Geneva<\/title>\n<meta name=\"description\" content=\"A team of seasoned professionals, Contact our real estate agency in Geneva Rive Droite Immobilier\" \/>\n<meta name=\"robots\" content=\"index, follow, max-snippet:-1, max-image-preview:large, max-video-preview:-1\" \/>\n<link rel=\"canonical\" href=\"https:\/\/rivedroite.ch\/en\/contact\/\" \/>\n<meta property=\"og:locale\" content=\"en_US\" \/>\n<meta property=\"og:type\" content=\"article\" \/>\n<meta property=\"og:title\" content=\"Contact Agence immobili\u00e8re \u00e0 Gen\u00e8ve - Rive Droite Immobilier\" \/>\n<meta property=\"og:description\" content=\"A team of seasoned professionals, Contact our real estate agency in Geneva Rive Droite Immobilier\" \/>\n<meta property=\"og:url\" content=\"https:\/\/rivedroite.ch\/en\/contact\/\" \/>\n<meta property=\"og:site_name\" content=\"Rive droite immobilier\" \/>\n<meta property=\"article:modified_time\" content=\"2026-01-16T13:18:37+00:00\" \/>\n<meta name=\"twitter:card\" content=\"summary_large_image\" \/>\n<meta name=\"twitter:title\" content=\"Contact Agence immobili\u00e8re \u00e0 Gen\u00e8ve - Rive Droite Immobilier\" \/>\n<meta name=\"twitter:description\" content=\"A team of seasoned professionals, Contact our real estate agency in Geneva Rive Droite Immobilier\" \/>\n<meta name=\"twitter:label1\" content=\"Est. reading time\" \/>\n\t<meta name=\"twitter:data1\" content=\"1 minute\" \/>\n<script type=\"application\/ld+json\" class=\"yoast-schema-graph\">{\"@context\":\"https:\\\/\\\/schema.org\",\"@graph\":[{\"@type\":\"WebPage\",\"@id\":\"https:\\\/\\\/rivedroite.ch\\\/en\\\/contact\\\/\",\"url\":\"https:\\\/\\\/rivedroite.ch\\\/en\\\/contact\\\/\",\"name\":\"Contact - Rive droite immobilier - Real estate agency in Geneva\",\"isPartOf\":{\"@id\":\"https:\\\/\\\/rivedroite.ch\\\/en\\\/#website\"},\"datePublished\":\"2015-02-19T08:48:19+00:00\",\"dateModified\":\"2026-01-16T13:18:37+00:00\",\"description\":\"A team of seasoned professionals, Contact our real estate agency in Geneva Rive Droite Immobilier\",\"breadcrumb\":{\"@id\":\"https:\\\/\\\/rivedroite.ch\\\/en\\\/contact\\\/#breadcrumb\"},\"inLanguage\":\"en-US\",\"potentialAction\":[{\"@type\":\"ReadAction\",\"target\":[\"https:\\\/\\\/rivedroite.ch\\\/en\\\/contact\\\/\"]}]},{\"@type\":\"BreadcrumbList\",\"@id\":\"https:\\\/\\\/rivedroite.ch\\\/en\\\/contact\\\/#breadcrumb\",\"itemListElement\":[{\"@type\":\"ListItem\",\"position\":1,\"name\":\"Homepage\",\"item\":\"https:\\\/\\\/rivedroite.ch\\\/en\\\/\"},{\"@type\":\"ListItem\",\"position\":2,\"name\":\"Contact\"}]},{\"@type\":\"WebSite\",\"@id\":\"https:\\\/\\\/rivedroite.ch\\\/en\\\/#website\",\"url\":\"https:\\\/\\\/rivedroite.ch\\\/en\\\/\",\"name\":\"Rive droite immobilier\",\"description\":\"Geneva Real Estate Agency\",\"publisher\":{\"@id\":\"https:\\\/\\\/rivedroite.ch\\\/en\\\/#organization\"},\"potentialAction\":[{\"@type\":\"SearchAction\",\"target\":{\"@type\":\"EntryPoint\",\"urlTemplate\":\"https:\\\/\\\/rivedroite.ch\\\/en\\\/?s={search_term_string}\"},\"query-input\":{\"@type\":\"PropertyValueSpecification\",\"valueRequired\":true,\"valueName\":\"search_term_string\"}}],\"inLanguage\":\"en-US\"},{\"@type\":\"Organization\",\"@id\":\"https:\\\/\\\/rivedroite.ch\\\/en\\\/#organization\",\"name\":\"Rive Droite Immobilier - Geneva real estate agency\",\"url\":\"https:\\\/\\\/rivedroite.ch\\\/en\\\/\",\"logo\":{\"@type\":\"ImageObject\",\"inLanguage\":\"en-US\",\"@id\":\"https:\\\/\\\/rivedroite.ch\\\/en\\\/#\\\/schema\\\/logo\\\/image\\\/\",\"url\":\"https:\\\/\\\/rivedroite.ch\\\/wp-content\\\/uploads\\\/2015\\\/09\\\/logo-rive-droite-immobilier@2X.png\",\"contentUrl\":\"https:\\\/\\\/rivedroite.ch\\\/wp-content\\\/uploads\\\/2015\\\/09\\\/logo-rive-droite-immobilier@2X.png\",\"width\":500,\"height\":100,\"caption\":\"Rive Droite Immobilier - Geneva real estate agency\"},\"image\":{\"@id\":\"https:\\\/\\\/rivedroite.ch\\\/en\\\/#\\\/schema\\\/logo\\\/image\\\/\"}}]}<\/script>\n<!-- \/ Yoast SEO plugin. -->","yoast_head_json":{"title":"Contact - Rive droite immobilier - Real estate agency in Geneva","description":"A team of seasoned professionals, Contact our real estate agency in Geneva Rive Droite Immobilier","robots":{"index":"index","follow":"follow","max-snippet":"max-snippet:-1","max-image-preview":"max-image-preview:large","max-video-preview":"max-video-preview:-1"},"canonical":"https:\/\/rivedroite.ch\/en\/contact\/","og_locale":"en_US","og_type":"article","og_title":"Contact Agence immobili\u00e8re \u00e0 Gen\u00e8ve - Rive Droite Immobilier","og_description":"A team of seasoned professionals, Contact our real estate agency in Geneva Rive Droite Immobilier","og_url":"https:\/\/rivedroite.ch\/en\/contact\/","og_site_name":"Rive droite immobilier","article_modified_time":"2026-01-16T13:18:37+00:00","twitter_card":"summary_large_image","twitter_title":"Contact Agence immobili\u00e8re \u00e0 Gen\u00e8ve - Rive Droite Immobilier","twitter_description":"A team of seasoned professionals, Contact our real estate agency in Geneva Rive Droite Immobilier","twitter_misc":{"Est. reading time":"1 minute"},"schema":{"@context":"https:\/\/schema.org","@graph":[{"@type":"WebPage","@id":"https:\/\/rivedroite.ch\/en\/contact\/","url":"https:\/\/rivedroite.ch\/en\/contact\/","name":"Contact - Rive droite immobilier - Real estate agency in Geneva","isPartOf":{"@id":"https:\/\/rivedroite.ch\/en\/#website"},"datePublished":"2015-02-19T08:48:19+00:00","dateModified":"2026-01-16T13:18:37+00:00","description":"A team of seasoned professionals, Contact our real estate agency in Geneva Rive Droite Immobilier","breadcrumb":{"@id":"https:\/\/rivedroite.ch\/en\/contact\/#breadcrumb"},"inLanguage":"en-US","potentialAction":[{"@type":"ReadAction","target":["https:\/\/rivedroite.ch\/en\/contact\/"]}]},{"@type":"BreadcrumbList","@id":"https:\/\/rivedroite.ch\/en\/contact\/#breadcrumb","itemListElement":[{"@type":"ListItem","position":1,"name":"Homepage","item":"https:\/\/rivedroite.ch\/en\/"},{"@type":"ListItem","position":2,"name":"Contact"}]},{"@type":"WebSite","@id":"https:\/\/rivedroite.ch\/en\/#website","url":"https:\/\/rivedroite.ch\/en\/","name":"Rive droite immobilier","description":"Geneva Real Estate Agency","publisher":{"@id":"https:\/\/rivedroite.ch\/en\/#organization"},"potentialAction":[{"@type":"SearchAction","target":{"@type":"EntryPoint","urlTemplate":"https:\/\/rivedroite.ch\/en\/?s={search_term_string}"},"query-input":{"@type":"PropertyValueSpecification","valueRequired":true,"valueName":"search_term_string"}}],"inLanguage":"en-US"},{"@type":"Organization","@id":"https:\/\/rivedroite.ch\/en\/#organization","name":"Rive Droite Immobilier - Geneva real estate agency","url":"https:\/\/rivedroite.ch\/en\/","logo":{"@type":"ImageObject","inLanguage":"en-US","@id":"https:\/\/rivedroite.ch\/en\/#\/schema\/logo\/image\/","url":"https:\/\/rivedroite.ch\/wp-content\/uploads\/2015\/09\/logo-rive-droite-immobilier@2X.png","contentUrl":"https:\/\/rivedroite.ch\/wp-content\/uploads\/2015\/09\/logo-rive-droite-immobilier@2X.png","width":500,"height":100,"caption":"Rive Droite Immobilier - Geneva real estate agency"},"image":{"@id":"https:\/\/rivedroite.ch\/en\/#\/schema\/logo\/image\/"}}]}},"_links":{"self":[{"href":"https:\/\/rivedroite.ch\/en\/wp-json\/wp\/v2\/pages\/7409","targetHints":{"allow":["GET"]}}],"collection":[{"href":"https:\/\/rivedroite.ch\/en\/wp-json\/wp\/v2\/pages"}],"about":[{"href":"https:\/\/rivedroite.ch\/en\/wp-json\/wp\/v2\/types\/page"}],"author":[{"embeddable":true,"href":"https:\/\/rivedroite.ch\/en\/wp-json\/wp\/v2\/users\/2"}],"replies":[{"embeddable":true,"href":"https:\/\/rivedroite.ch\/en\/wp-json\/wp\/v2\/comments?post=7409"}],"version-history":[{"count":0,"href":"https:\/\/rivedroite.ch\/en\/wp-json\/wp\/v2\/pages\/7409\/revisions"}],"wp:attachment":[{"href":"https:\/\/rivedroite.ch\/en\/wp-json\/wp\/v2\/media?parent=7409"}],"curies":[{"name":"wp","href":"https:\/\/api.w.org\/{rel}","templated":true}]}}