{"id":7419,"date":"2016-01-30T00:51:31","date_gmt":"2016-01-29T23:51:31","guid":{"rendered":"http:\/\/rivedroite.ch\/en\/?page_id=7419"},"modified":"2022-02-24T21:08:15","modified_gmt":"2022-02-24T20:08:15","slug":"in-memory-to-laurent","status":"publish","type":"page","link":"https:\/\/rivedroite.ch\/en\/rive-droite-immobilier\/in-memory-to-laurent\/","title":{"rendered":"In memory to Laurent"},"content":{"rendered":"<div class=\"wpb-content-wrapper\"><p>[vc_row][vc_column el_class=&#8221;rdi-font&#8221;]<div class=\"ult-animation  ult-animate-viewport  ult-no-mobile  ult_createlink\" data-animate=\"fadeInLeft\" data-animation-delay=\"0\" data-animation-duration=\"1\" data-animation-iteration=\"1\" style=\"opacity:0;\" data-opacity_start_effect=\"\"><div id=\"ultimate-heading-542169e083d8e40cc\" class=\"uvc-heading ult-adjust-bottom-margin ultimate-heading-542169e083d8e40cc uvc-7695 \" data-hspacer=\"line_with_icon\" data-hline_width=\"340\" data-hicon_type=\"custom\" data-hborder_style=\"solid\" data-hborder_height=\"1\" data-hborder_color=\"#939fad\" data-icon_width=\"48\" data-hfixer=\"10\"  data-halign=\"left\" style=\"text-align:left\"><div class=\"uvc-main-heading ult-responsive\"  data-ultimate-target='.uvc-heading.ultimate-heading-542169e083d8e40cc h2'  data-responsive-json-new='{\"font-size\":\"\",\"line-height\":\"\"}' ><h2 style=\"font-weight:normal;\">In memory to Laurent<\/h2><\/div><div class=\"uvc-heading-spacer line_with_icon\" style=\"top\"><div class=\"ult-just-icon-wrapper   just_icon\"><div class=\"align-icon\" style=\"text-align:left;\">\n<div class=\"aio-icon-img \" style=\"font-size:48px;display:inline-block;\" >\n\t<img decoding=\"async\" class=\"img-icon\" alt=\"\" src=\"https:\/\/rivedroite.ch\/wp-content\/uploads\/2015\/04\/icon-rdi-separator1.png\"\/>\n<\/div><\/div><\/div><\/div><div class=\"uvc-sub-heading ult-responsive\"  data-ultimate-target='.uvc-heading.ultimate-heading-542169e083d8e40cc .uvc-sub-heading '  data-responsive-json-new='{\"font-size\":\"\",\"line-height\":\"\"}'  style=\"font-weight:normal;\"><\/p>\n<h4>by\u00a0Pierre-Yves Guillaume<\/h4>\n<p><\/div><\/div><div class=\"spacer\" style=\"height:20px;\"><\/div><\/div>[\/vc_column][\/vc_row][vc_row][vc_column width=&#8221;1\/2&#8243; el_class=&#8221;rdi-font&#8221;]<div class=\"ult-animation  ult-animate-viewport  ult-no-mobile  ult_createlink\" data-animate=\"fadeInLeft\" data-animation-delay=\"0\" data-animation-duration=\"1\" data-animation-iteration=\"1\" style=\"opacity:0;\" data-opacity_start_effect=\"\">[vc_column_text]<\/p>\n<p class=\"p1\">Mon fr\u00e8re Laurent a cr\u00e9\u00e9 le logo, l\u2019identit\u00e9 visuelle et le premier site web de Rive droite immobilier<\/p>\n<p class=\"p1\">Sa bonne humeur ind\u00e9fectible, son humour, sa r\u00e9partie toujours pr\u00e9cise, sa gentillesse, sa g\u00e9n\u00e9rosit\u00e9 spontan\u00e9e, son espi\u00e8glerie enfantine faisaient de lui un \u00eatre rare. L\u2019avoir eu pour fr\u00e8re fut un privil\u00e8ge et une immense fiert\u00e9.<\/p>\n<p class=\"p1\">Form\u00e9 au graphisme en Californie aupr\u00e8s des meilleurs, Laurent \u00e9tait tr\u00e8s appr\u00e9ci\u00e9 par ses clients et f\u00fbt aussi un bon enseignant aimant faire partager ses connaissances en mati\u00e8re de graphisme, art dont il poss\u00e9dait une profonde culture tant technique qu\u2019acad\u00e9mique.<\/p>\n<p class=\"p1\">Breton de souche, il aimait les bords de mer, la p\u00eache \u00e0 la c\u00f4te, l\u2019Atlantique, l\u2019ile de Groix, terre de nos anc\u00eatres.<\/p>\n<p class=\"p1\">Intelligent et sensible il \u00e9tait modeste comme toutes les belles personnes.<\/p>\n<p class=\"p1\">Laurent nous a quitt\u00e9s en Juin 2014 suite \u00e0 un accident vasculaire c\u00e9r\u00e9bral \u00e0 l\u2019\u00e2ge de 49 ans.<\/p>\n<p class=\"p1\">Je tenais ici \u00e0 lui rendre cet hommage.<\/p>\n<p class=\"p1\"><em>Pierre-Yves Guillaume<\/em><\/p>\n<p>[\/vc_column_text]<\/div>[\/vc_column][vc_column width=&#8221;1\/2&#8243; el_class=&#8221;rdi-font&#8221;]<div class=\"ult-animation  ult-animate-viewport  ult-no-mobile  ult_createlink\" data-animate=\"fadeIn\" data-animation-delay=\"0\" data-animation-duration=\"4\" data-animation-iteration=\"1\" style=\"opacity:0;\" data-opacity_start_effect=\"\">[vc_single_image image=&#8221;6772&#8243; img_size=&#8221;full&#8221;]<\/div>[\/vc_column][\/vc_row]<\/p>\n<\/div>","protected":false},"excerpt":{"rendered":"<p>[vc_row][vc_column el_class=&#8221;rdi-font&#8221;][\/vc_column][\/vc_row][vc_row][vc_column width=&#8221;1\/2&#8243; el_class=&#8221;rdi-font&#8221;][\/vc_column][vc_column width=&#8221;1\/2&#8243; el_class=&#8221;rdi-font&#8221;][\/vc_column][\/vc_row]<\/p>\n","protected":false},"author":1,"featured_media":0,"parent":7443,"menu_order":7,"comment_status":"closed","ping_status":"closed","template":"","meta":{"inline_featured_image":false,"footnotes":""},"class_list":["post-7419","page","type-page","status-publish","hentry"],"yoast_head":"<!-- This site is optimized with the Yoast SEO plugin v26.8 - https:\/\/yoast.com\/product\/yoast-seo-wordpress\/ -->\n<title>In memory to Laurent - Rive droite immobilier<\/title>\n<meta name=\"description\" content=\"In memory to Laurent\" \/>\n<meta name=\"robots\" content=\"noindex, nofollow\" \/>\n<meta property=\"og:locale\" content=\"en_US\" \/>\n<meta property=\"og:type\" content=\"article\" \/>\n<meta property=\"og:title\" content=\"In memory to Laurent - Rive droite immobilier\" \/>\n<meta property=\"og:description\" content=\"In memory to Laurent\" \/>\n<meta property=\"og:url\" content=\"https:\/\/rivedroite.ch\/en\/rive-droite-immobilier\/in-memory-to-laurent\/\" \/>\n<meta property=\"og:site_name\" content=\"Rive droite immobilier\" \/>\n<meta property=\"article:modified_time\" content=\"2022-02-24T20:08:15+00:00\" \/>\n<meta name=\"twitter:card\" content=\"summary_large_image\" \/>\n<meta name=\"twitter:label1\" content=\"Est. reading time\" \/>\n\t<meta name=\"twitter:data1\" content=\"2 minutes\" \/>\n<script type=\"application\/ld+json\" class=\"yoast-schema-graph\">{\"@context\":\"https:\/\/schema.org\",\"@graph\":[{\"@type\":\"WebPage\",\"@id\":\"https:\/\/rivedroite.ch\/en\/rive-droite-immobilier\/in-memory-to-laurent\/\",\"url\":\"https:\/\/rivedroite.ch\/en\/rive-droite-immobilier\/in-memory-to-laurent\/\",\"name\":\"In memory to Laurent - Rive droite immobilier\",\"isPartOf\":{\"@id\":\"https:\/\/rivedroite.ch\/en\/#website\"},\"datePublished\":\"2016-01-29T23:51:31+00:00\",\"dateModified\":\"2022-02-24T20:08:15+00:00\",\"description\":\"In memory to Laurent\",\"breadcrumb\":{\"@id\":\"https:\/\/rivedroite.ch\/en\/rive-droite-immobilier\/in-memory-to-laurent\/#breadcrumb\"},\"inLanguage\":\"en-US\",\"potentialAction\":[{\"@type\":\"ReadAction\",\"target\":[\"https:\/\/rivedroite.ch\/en\/rive-droite-immobilier\/in-memory-to-laurent\/\"]}]},{\"@type\":\"BreadcrumbList\",\"@id\":\"https:\/\/rivedroite.ch\/en\/rive-droite-immobilier\/in-memory-to-laurent\/#breadcrumb\",\"itemListElement\":[{\"@type\":\"ListItem\",\"position\":1,\"name\":\"Homepage\",\"item\":\"https:\/\/rivedroite.ch\/en\/\"},{\"@type\":\"ListItem\",\"position\":2,\"name\":\"Rive Droite Immobilier\",\"item\":\"https:\/\/rivedroite.ch\/en\/rive-droite-immobilier\/\"},{\"@type\":\"ListItem\",\"position\":3,\"name\":\"In memory to Laurent\"}]},{\"@type\":\"WebSite\",\"@id\":\"https:\/\/rivedroite.ch\/en\/#website\",\"url\":\"https:\/\/rivedroite.ch\/en\/\",\"name\":\"Rive droite immobilier\",\"description\":\"Geneva Real Estate Agency\",\"publisher\":{\"@id\":\"https:\/\/rivedroite.ch\/en\/#organization\"},\"potentialAction\":[{\"@type\":\"SearchAction\",\"target\":{\"@type\":\"EntryPoint\",\"urlTemplate\":\"https:\/\/rivedroite.ch\/en\/?s={search_term_string}\"},\"query-input\":{\"@type\":\"PropertyValueSpecification\",\"valueRequired\":true,\"valueName\":\"search_term_string\"}}],\"inLanguage\":\"en-US\"},{\"@type\":\"Organization\",\"@id\":\"https:\/\/rivedroite.ch\/en\/#organization\",\"name\":\"Rive Droite Immobilier - Geneva real estate agency\",\"url\":\"https:\/\/rivedroite.ch\/en\/\",\"logo\":{\"@type\":\"ImageObject\",\"inLanguage\":\"en-US\",\"@id\":\"https:\/\/rivedroite.ch\/en\/#\/schema\/logo\/image\/\",\"url\":\"https:\/\/rivedroite.ch\/wp-content\/uploads\/2015\/09\/logo-rive-droite-immobilier@2X.png\",\"contentUrl\":\"https:\/\/rivedroite.ch\/wp-content\/uploads\/2015\/09\/logo-rive-droite-immobilier@2X.png\",\"width\":500,\"height\":100,\"caption\":\"Rive Droite Immobilier - Geneva real estate agency\"},\"image\":{\"@id\":\"https:\/\/rivedroite.ch\/en\/#\/schema\/logo\/image\/\"}}]}<\/script>\n<!-- \/ Yoast SEO plugin. -->","yoast_head_json":{"title":"In memory to Laurent - Rive droite immobilier","description":"In memory to Laurent","robots":{"index":"noindex","follow":"nofollow"},"og_locale":"en_US","og_type":"article","og_title":"In memory to Laurent - Rive droite immobilier","og_description":"In memory to Laurent","og_url":"https:\/\/rivedroite.ch\/en\/rive-droite-immobilier\/in-memory-to-laurent\/","og_site_name":"Rive droite immobilier","article_modified_time":"2022-02-24T20:08:15+00:00","twitter_card":"summary_large_image","twitter_misc":{"Est. reading time":"2 minutes"},"schema":{"@context":"https:\/\/schema.org","@graph":[{"@type":"WebPage","@id":"https:\/\/rivedroite.ch\/en\/rive-droite-immobilier\/in-memory-to-laurent\/","url":"https:\/\/rivedroite.ch\/en\/rive-droite-immobilier\/in-memory-to-laurent\/","name":"In memory to Laurent - Rive droite immobilier","isPartOf":{"@id":"https:\/\/rivedroite.ch\/en\/#website"},"datePublished":"2016-01-29T23:51:31+00:00","dateModified":"2022-02-24T20:08:15+00:00","description":"In memory to Laurent","breadcrumb":{"@id":"https:\/\/rivedroite.ch\/en\/rive-droite-immobilier\/in-memory-to-laurent\/#breadcrumb"},"inLanguage":"en-US","potentialAction":[{"@type":"ReadAction","target":["https:\/\/rivedroite.ch\/en\/rive-droite-immobilier\/in-memory-to-laurent\/"]}]},{"@type":"BreadcrumbList","@id":"https:\/\/rivedroite.ch\/en\/rive-droite-immobilier\/in-memory-to-laurent\/#breadcrumb","itemListElement":[{"@type":"ListItem","position":1,"name":"Homepage","item":"https:\/\/rivedroite.ch\/en\/"},{"@type":"ListItem","position":2,"name":"Rive Droite Immobilier","item":"https:\/\/rivedroite.ch\/en\/rive-droite-immobilier\/"},{"@type":"ListItem","position":3,"name":"In memory to Laurent"}]},{"@type":"WebSite","@id":"https:\/\/rivedroite.ch\/en\/#website","url":"https:\/\/rivedroite.ch\/en\/","name":"Rive droite immobilier","description":"Geneva Real Estate Agency","publisher":{"@id":"https:\/\/rivedroite.ch\/en\/#organization"},"potentialAction":[{"@type":"SearchAction","target":{"@type":"EntryPoint","urlTemplate":"https:\/\/rivedroite.ch\/en\/?s={search_term_string}"},"query-input":{"@type":"PropertyValueSpecification","valueRequired":true,"valueName":"search_term_string"}}],"inLanguage":"en-US"},{"@type":"Organization","@id":"https:\/\/rivedroite.ch\/en\/#organization","name":"Rive Droite Immobilier - Geneva real estate agency","url":"https:\/\/rivedroite.ch\/en\/","logo":{"@type":"ImageObject","inLanguage":"en-US","@id":"https:\/\/rivedroite.ch\/en\/#\/schema\/logo\/image\/","url":"https:\/\/rivedroite.ch\/wp-content\/uploads\/2015\/09\/logo-rive-droite-immobilier@2X.png","contentUrl":"https:\/\/rivedroite.ch\/wp-content\/uploads\/2015\/09\/logo-rive-droite-immobilier@2X.png","width":500,"height":100,"caption":"Rive Droite Immobilier - Geneva real estate agency"},"image":{"@id":"https:\/\/rivedroite.ch\/en\/#\/schema\/logo\/image\/"}}]}},"_links":{"self":[{"href":"https:\/\/rivedroite.ch\/en\/wp-json\/wp\/v2\/pages\/7419","targetHints":{"allow":["GET"]}}],"collection":[{"href":"https:\/\/rivedroite.ch\/en\/wp-json\/wp\/v2\/pages"}],"about":[{"href":"https:\/\/rivedroite.ch\/en\/wp-json\/wp\/v2\/types\/page"}],"author":[{"embeddable":true,"href":"https:\/\/rivedroite.ch\/en\/wp-json\/wp\/v2\/users\/1"}],"replies":[{"embeddable":true,"href":"https:\/\/rivedroite.ch\/en\/wp-json\/wp\/v2\/comments?post=7419"}],"version-history":[{"count":0,"href":"https:\/\/rivedroite.ch\/en\/wp-json\/wp\/v2\/pages\/7419\/revisions"}],"up":[{"embeddable":true,"href":"https:\/\/rivedroite.ch\/en\/wp-json\/wp\/v2\/pages\/7443"}],"wp:attachment":[{"href":"https:\/\/rivedroite.ch\/en\/wp-json\/wp\/v2\/media?parent=7419"}],"curies":[{"name":"wp","href":"https:\/\/api.w.org\/{rel}","templated":true}]}}